{"id":5272,"date":"2024-07-03T16:35:30","date_gmt":"2024-07-03T16:35:30","guid":{"rendered":"https:\/\/assertivecomprehensivecare.net\/?page_id=5272"},"modified":"2024-07-04T23:41:54","modified_gmt":"2024-07-04T23:41:54","slug":"politica-de-privacidad","status":"publish","type":"page","link":"https:\/\/assertivecomprehensivecare.net\/es\/politica-de-privacidad\/","title":{"rendered":"Pol\u00edtica de privacidad"},"content":{"rendered":"<p>[et_pb_section fb_built=\u00bb1&#8243; custom_padding_last_edited=\u00bbon|phone\u00bb admin_label=\u00bbSection\u00bb _builder_version=\u00bb4.24.2&#8243; _module_preset=\u00bbdefault\u00bb background_enable_image=\u00bboff\u00bb parallax=\u00bbon\u00bb parallax_method=\u00bboff\u00bb custom_padding=\u00bb100px||0px||false|false\u00bb custom_padding_tablet=\u00bb11%||0px||false|false\u00bb custom_padding_phone=\u00bb18%||0px||false|false\u00bb animation_style=\u00bbfade\u00bb animation_duration=\u00bb1400ms\u00bb da_disable_devices=\u00bboff|off|off\u00bb global_colors_info=\u00bb{}\u00bb theme_builder_area=\u00bbpost_content\u00bb da_is_popup=\u00bboff\u00bb da_exit_intent=\u00bboff\u00bb da_has_close=\u00bbon\u00bb da_alt_close=\u00bboff\u00bb da_dark_close=\u00bboff\u00bb da_not_modal=\u00bbon\u00bb da_is_singular=\u00bboff\u00bb da_with_loader=\u00bboff\u00bb da_has_shadow=\u00bbon\u00bb][et_pb_row use_custom_gutter=\u00bbon\u00bb gutter_width=\u00bb2&#8243; make_equal=\u00bbon\u00bb _builder_version=\u00bb4.21.0&#8243; _module_preset=\u00bbdefault\u00bb width=\u00bb92%\u00bb width_tablet=\u00bb90%\u00bb width_phone=\u00bb90%\u00bb width_last_edited=\u00bbon|phone\u00bb max_width=\u00bb1280px\u00bb max_width_tablet=\u00bb90%\u00bb max_width_phone=\u00bb90%\u00bb max_width_last_edited=\u00bbon|tablet\u00bb custom_margin=\u00bb-40px||40px||false|false\u00bb global_colors_info=\u00bb{}\u00bb theme_builder_area=\u00bbpost_content\u00bb][et_pb_column type=\u00bb4_4&#8243; _builder_version=\u00bb4.16&#8243; _module_preset=\u00bbdefault\u00bb global_colors_info=\u00bb{}\u00bb theme_builder_area=\u00bbpost_content\u00bb][et_pb_text _builder_version=\u00bb4.24.2&#8243; _module_preset=\u00bbdefault\u00bb header_font=\u00bbPoppins|700|||||||\u00bb header_text_color=\u00bb#ffffff\u00bb header_font_size=\u00bb70px\u00bb header_2_font=\u00bbPoppins|700|||||||\u00bb header_2_text_align=\u00bbcenter\u00bb header_2_text_color=\u00bb#000000&#8243; header_2_font_size=\u00bb40px\u00bb width=\u00bb66%\u00bb width_tablet=\u00bb81%\u00bb width_phone=\u00bb100%\u00bb width_last_edited=\u00bbon|tablet\u00bb module_alignment=\u00bbcenter\u00bb hover_enabled=\u00bb0&#8243; header_font_size_tablet=\u00bb70px\u00bb header_font_size_phone=\u00bb30px\u00bb header_font_size_last_edited=\u00bbon|phone\u00bb header_2_font_size_tablet=\u00bb35px\u00bb header_2_font_size_phone=\u00bb30px\u00bb header_2_font_size_last_edited=\u00bbon|phone\u00bb global_colors_info=\u00bb{}\u00bb theme_builder_area=\u00bbpost_content\u00bb sticky_enabled=\u00bb0&#8243;]<\/p>\n<h2>Pol\u00edtica de privacidad de Assertive Comprehensive Care, Inc.<\/h2>\n<p>[\/et_pb_text][\/et_pb_column][\/et_pb_row][\/et_pb_section][et_pb_section fb_built=\u00bb1&#8243; _builder_version=\u00bb4.24.2&#8243; _module_preset=\u00bbdefault\u00bb custom_padding=\u00bb0px||120px||false|false\u00bb da_disable_devices=\u00bboff|off|off\u00bb global_colors_info=\u00bb{}\u00bb theme_builder_area=\u00bbpost_content\u00bb da_is_popup=\u00bboff\u00bb da_exit_intent=\u00bboff\u00bb da_has_close=\u00bbon\u00bb da_alt_close=\u00bboff\u00bb da_dark_close=\u00bboff\u00bb da_not_modal=\u00bbon\u00bb da_is_singular=\u00bboff\u00bb da_with_loader=\u00bboff\u00bb da_has_shadow=\u00bbon\u00bb][et_pb_row _builder_version=\u00bb4.21.0&#8243; _module_preset=\u00bbdefault\u00bb width=\u00bb89%\u00bb max_width=\u00bb1300px\u00bb global_colors_info=\u00bb{}\u00bb theme_builder_area=\u00bbpost_content\u00bb][et_pb_column type=\u00bb4_4&#8243; _builder_version=\u00bb4.16&#8243; _module_preset=\u00bbdefault\u00bb custom_padding=\u00bb|||\u00bb global_colors_info=\u00bb{}\u00bb custom_padding__hover=\u00bb|||\u00bb theme_builder_area=\u00bbpost_content\u00bb][et_pb_text _builder_version=\u00bb4.24.2&#8243; _module_preset=\u00bbdefault\u00bb text_font=\u00bbDomine||||||||\u00bb header_3_font=\u00bbPoppins|600|||||||\u00bb hover_enabled=\u00bb0&#8243; global_colors_info=\u00bb{}\u00bb theme_builder_area=\u00bbpost_content\u00bb sticky_enabled=\u00bb0&#8243;]<\/p>\n<h3>Introducci\u00f3n<\/h3>\n<p>Bienvenido a Assertive Comprehensive Care, Inc. Estamos comprometidos a salvaguardar su privacidad y garantizar la seguridad de su informaci\u00f3n personal. Esta Pol\u00edtica de Privacidad describe nuestras pr\u00e1cticas con respecto a la recopilaci\u00f3n, uso y protecci\u00f3n de su informaci\u00f3n cuando utiliza nuestros servicios, incluso a trav\u00e9s de nuestro sitio web, tel\u00e9fono, fax o mensaje de texto.<\/p>\n<h3>Tipos de informaci\u00f3n recopilada<\/h3>\n<p>Recopilamos varios tipos de informaci\u00f3n personal para brindarle nuestros servicios de manera efectiva. Esto incluye, pero no se limita a:<\/p>\n<p>Nombre<br \/>\nDirecci\u00f3n de correo electr\u00f3nico<br \/>\nN\u00famero de tel\u00e9fono<br \/>\nDirecci\u00f3n de env\u00edo<br \/>\nInformaci\u00f3n de salud<br \/>\nC\u00f3mo se recopila la informaci\u00f3n<br \/>\nSu informaci\u00f3n personal se recopila a trav\u00e9s de diversos medios, que incluyen:<\/p>\n<p>Interacciones directas, como cuando completa formularios en nuestra oficina, a trav\u00e9s de nuestro sistema de Registros M\u00e9dicos Electr\u00f3nicos (EHR), en nuestro sitio web o por tel\u00e9fono, fax o mensaje de texto.<br \/>\nComunicaci\u00f3n con nuestro equipo v\u00eda email, tel\u00e9fono, fax o SMS.<br \/>\nTecnolog\u00edas automatizadas, como cookies y otras tecnolog\u00edas de seguimiento cuando visita nuestro sitio web.<br \/>\nFinalidad de la recogida de datos<\/p>\n<h3>Recopilamos su informaci\u00f3n personal por varios motivos, entre ellos:<\/h3>\n<p>Proporcionar y mejorar nuestros servicios de salud.<br \/>\nPara comunicarnos con usted sobre citas, tratamientos y otros servicios relacionados.<br \/>\nPara garantizar el cumplimiento de los requisitos legales y reglamentarios.<br \/>\nPara personalizar su experiencia y brindarle informaci\u00f3n y actualizaciones relevantes.<\/p>\n<h3>Medidas de seguridad de datos<\/h3>\n<p>Implementamos fuertes medidas de seguridad para proteger su informaci\u00f3n personal contra acceso no autorizado, divulgaci\u00f3n o uso indebido. Estas medidas incluyen:<\/p>\n<p>Cifrado de datos sensibles.<br \/>\nEvaluaciones y actualizaciones peri\u00f3dicas de seguridad.<br \/>\nControles de acceso para restringir el acceso a los datos \u00fanicamente al personal autorizado.<br \/>\nCompartir datos<br \/>\nRespetamos su privacidad y no compartimos su informaci\u00f3n personal con terceros, excepto en las siguientes circunstancias:<\/p>\n<p>Cuando lo exija la ley o las autoridades reguladoras.<br \/>\nPara proteger los derechos y la seguridad de nuestra empresa, nuestros pacientes y otros.<br \/>\nCon su consentimiento expl\u00edcito.<br \/>\nDerechos de los usuarios<\/p>\n<h3>Tiene varios derechos con respecto a su informaci\u00f3n personal, que incluyen:<\/h3>\n<p>El derecho a acceder a la informaci\u00f3n que tenemos sobre usted.<br \/>\nEl derecho a solicitar correcciones o actualizaciones de su informaci\u00f3n.<br \/>\nDerecho a solicitar la eliminaci\u00f3n de su informaci\u00f3n.<br \/>\nEl derecho a retirar su consentimiento para que utilicemos su informaci\u00f3n, cuando corresponda.<br \/>\nPara ejercer estos derechos, comun\u00edquese con nosotros utilizando la informaci\u00f3n proporcionada a continuaci\u00f3n.<\/p>\n<h3>Informaci\u00f3n de contacto<\/h3>\n<p>Si tiene alguna pregunta o inquietud sobre esta Pol\u00edtica de Privacidad o su informaci\u00f3n personal, cont\u00e1ctenos en:<\/p>\n<h3>Asertive Comprehensive Care, Inc.<\/h3>\n<p>Tel\u00e9fono: (305) 204-1209<br \/>\nFax: (305) 402-0959<br \/>\nDirecci\u00f3n: 12550 NW 1st St., North Miami, FL 33181<br \/>\nCorreo electr\u00f3nico: jac-pmhnp@assertivecare.net<\/p>\n<h3>Consentimiento por SMS<\/h3>\n<p>Al proporcionar su n\u00famero de tel\u00e9fono, acepta recibir comunicaciones por SMS de Assertive Comprehensive Care, Inc. con respecto a sus citas, tratamientos y otros servicios relacionados. Su consentimiento para recibir mensajes SMS no se compartir\u00e1 con terceros.[\/et_pb_text][et_pb_button button_url=\u00bbhttps:\/\/assertivecomprehensivecare.net\/es\/#contacto\u00bb button_text=\u00bbVolver al formulario\u00bb button_alignment=\u00bbleft\u00bb _builder_version=\u00bb4.24.2&#8243; _module_preset=\u00bbdefault\u00bb custom_button=\u00bbon\u00bb button_text_size=\u00bb15px\u00bb button_text_color=\u00bb#ffffff\u00bb button_bg_color=\u00bb#8ec12f\u00bb button_border_width=\u00bb0px\u00bb button_border_color=\u00bb#F89F73&#8243; button_border_radius=\u00bb100px\u00bb button_font=\u00bbPoppins|600|||||||\u00bb button_use_icon=\u00bboff\u00bb custom_padding=\u00bb14px|40px|14px|40px|true|true\u00bb hover_enabled=\u00bb0&#8243; global_colors_info=\u00bb{}\u00bb button_text_color__hover_enabled=\u00bbon\u00bb button_text_color__hover=\u00bb#ffffff\u00bb button_bg_color__hover_enabled=\u00bbon|hover\u00bb button_bg_color__hover=\u00bb#198ee0&#8243; button_bg_enable_color__hover=\u00bbon\u00bb button_border_color__hover_enabled=\u00bbon\u00bb button_border_color__hover=\u00bb#7fb98d\u00bb button_letter_spacing__hover_enabled=\u00bbon\u00bb button_letter_spacing__hover=\u00bb0px\u00bb theme_builder_area=\u00bbpost_content\u00bb sticky_enabled=\u00bb0&#8243;][\/et_pb_button][\/et_pb_column][\/et_pb_row][\/et_pb_section]<\/p>\n","protected":false},"excerpt":{"rendered":"<p>Pol\u00edtica de privacidad de Assertive Comprehensive Care, Inc.Introducci\u00f3n Bienvenido a Assertive Comprehensive Care, Inc. Estamos comprometidos a salvaguardar su privacidad y garantizar la seguridad de su informaci\u00f3n personal. Esta Pol\u00edtica de Privacidad describe nuestras pr\u00e1cticas con respecto a la recopilaci\u00f3n, uso y protecci\u00f3n de su informaci\u00f3n cuando utiliza nuestros servicios, incluso a trav\u00e9s de nuestro [&hellip;]<\/p>\n","protected":false},"author":2,"featured_media":0,"parent":0,"menu_order":0,"comment_status":"closed","ping_status":"closed","template":"","meta":{"_et_pb_use_builder":"on","_et_pb_old_content":"","_et_gb_content_width":"","footnotes":""},"categories":[],"dipi_cpt_category":[],"class_list":["post-5272","page","type-page","status-publish","hentry"],"_links":{"self":[{"href":"https:\/\/assertivecomprehensivecare.net\/es\/wp-json\/wp\/v2\/pages\/5272","targetHints":{"allow":["GET"]}}],"collection":[{"href":"https:\/\/assertivecomprehensivecare.net\/es\/wp-json\/wp\/v2\/pages"}],"about":[{"href":"https:\/\/assertivecomprehensivecare.net\/es\/wp-json\/wp\/v2\/types\/page"}],"author":[{"embeddable":true,"href":"https:\/\/assertivecomprehensivecare.net\/es\/wp-json\/wp\/v2\/users\/2"}],"replies":[{"embeddable":true,"href":"https:\/\/assertivecomprehensivecare.net\/es\/wp-json\/wp\/v2\/comments?post=5272"}],"version-history":[{"count":0,"href":"https:\/\/assertivecomprehensivecare.net\/es\/wp-json\/wp\/v2\/pages\/5272\/revisions"}],"wp:attachment":[{"href":"https:\/\/assertivecomprehensivecare.net\/es\/wp-json\/wp\/v2\/media?parent=5272"}],"wp:term":[{"taxonomy":"category","embeddable":true,"href":"https:\/\/assertivecomprehensivecare.net\/es\/wp-json\/wp\/v2\/categories?post=5272"},{"taxonomy":"dipi_cpt_category","embeddable":true,"href":"https:\/\/assertivecomprehensivecare.net\/es\/wp-json\/wp\/v2\/dipi_cpt_category?post=5272"}],"curies":[{"name":"wp","href":"https:\/\/api.w.org\/{rel}","templated":true}]}}