{"id":4905,"date":"2023-07-17T14:21:47","date_gmt":"2023-07-17T14:21:47","guid":{"rendered":"https:\/\/assertivecomprehensivecare.net\/?page_id=4905"},"modified":"2023-10-11T00:29:58","modified_gmt":"2023-10-11T00:29:58","slug":"blog","status":"publish","type":"page","link":"https:\/\/assertivecomprehensivecare.net\/es\/blog\/","title":{"rendered":"BLOG"},"content":{"rendered":"<p>[et_pb_section fb_built=\u00bb1&#8243; custom_padding_last_edited=\u00bbon|phone\u00bb next_background_color=\u00bb#ffffff\u00bb admin_label=\u00bbSection\u00bb _builder_version=\u00bb4.21.0&#8243; use_background_color_gradient=\u00bbon\u00bb background_color_gradient_stops=\u00bbrgba(40,37,31,0.52) 0%|rgba(40,37,31,0.52) 100%\u00bb background_color_gradient_overlays_image=\u00bbon\u00bb background_color_gradient_start=\u00bbrgba(40,37,31,0.52)\u00bb background_color_gradient_end=\u00bbrgba(40,37,31,0.52)\u00bb background_image=\u00bbhttps:\/\/assertivecomprehensivecare.net\/wp-content\/uploads\/2023\/07\/the-psychiatrist-shook-the-patient-s-shoulder-to-2022-11-19-03-10-51-utc-scaled.webp\u00bb parallax=\u00bbon\u00bb parallax_method=\u00bboff\u00bb custom_padding=\u00bb13%||13%||true|false\u00bb custom_padding_tablet=\u00bb11%||11%||true|false\u00bb custom_padding_phone=\u00bb18%||18%||true|false\u00bb bottom_divider_style=\u00bbwave\u00bb animation_style=\u00bbfade\u00bb animation_duration=\u00bb1400ms\u00bb hover_enabled=\u00bb0&#8243; da_disable_devices=\u00bboff|off|off\u00bb global_colors_info=\u00bb{}\u00bb title_text=\u00bbthe-psychiatrist-shook-the-patient-s-shoulder-to-2022-11-19-03-10-51-utc\u00bb sticky_enabled=\u00bb0&#8243; da_is_popup=\u00bboff\u00bb da_exit_intent=\u00bboff\u00bb da_has_close=\u00bbon\u00bb da_alt_close=\u00bboff\u00bb da_dark_close=\u00bboff\u00bb da_not_modal=\u00bbon\u00bb da_is_singular=\u00bboff\u00bb da_with_loader=\u00bboff\u00bb da_has_shadow=\u00bbon\u00bb][et_pb_row use_custom_gutter=\u00bbon\u00bb gutter_width=\u00bb2&#8243; make_equal=\u00bbon\u00bb _builder_version=\u00bb4.21.0&#8243; width=\u00bb92%\u00bb width_tablet=\u00bb90%\u00bb width_phone=\u00bb90%\u00bb width_last_edited=\u00bbon|phone\u00bb max_width=\u00bb1280px\u00bb max_width_tablet=\u00bb90%\u00bb max_width_phone=\u00bb90%\u00bb max_width_last_edited=\u00bbon|tablet\u00bb custom_margin=\u00bb-40px||40px||false|false\u00bb global_colors_info=\u00bb{}\u00bb][et_pb_column type=\u00bb4_4&#8243; _builder_version=\u00bb4.16&#8243; global_colors_info=\u00bb{}\u00bb][et_pb_text _builder_version=\u00bb4.21.0&#8243; header_font=\u00bbPoppins|700|||||||\u00bb header_text_color=\u00bb#ffffff\u00bb header_font_size=\u00bb70px\u00bb header_2_font=\u00bbPoppins|700|||||||\u00bb header_2_text_align=\u00bbcenter\u00bb header_2_text_color=\u00bb#FFFFFF\u00bb header_2_font_size=\u00bb70px\u00bb header_font_size_tablet=\u00bb70px\u00bb header_font_size_phone=\u00bb30px\u00bb header_font_size_last_edited=\u00bbon|phone\u00bb header_2_font_size_tablet=\u00bb70px\u00bb header_2_font_size_phone=\u00bb30px\u00bb header_2_font_size_last_edited=\u00bbon|phone\u00bb global_colors_info=\u00bb{}\u00bb]<\/p>\n<h2>Blog<\/h2>\n<p>[\/et_pb_text][\/et_pb_column][\/et_pb_row][\/et_pb_section][et_pb_section fb_built=\u00bb1&#8243; _builder_version=\u00bb4.21.0&#8243; custom_padding=\u00bb120px||120px||false|false\u00bb da_disable_devices=\u00bboff|off|off\u00bb global_colors_info=\u00bb{}\u00bb da_is_popup=\u00bboff\u00bb da_exit_intent=\u00bboff\u00bb da_has_close=\u00bbon\u00bb da_alt_close=\u00bboff\u00bb da_dark_close=\u00bboff\u00bb da_not_modal=\u00bbon\u00bb da_is_singular=\u00bboff\u00bb da_with_loader=\u00bboff\u00bb da_has_shadow=\u00bbon\u00bb][et_pb_row _builder_version=\u00bb4.21.0&#8243; width=\u00bb89%\u00bb max_width=\u00bb1300px\u00bb global_colors_info=\u00bb{}\u00bb][et_pb_column type=\u00bb4_4&#8243; _builder_version=\u00bb4.16&#8243; custom_padding=\u00bb|||\u00bb global_colors_info=\u00bb{}\u00bb custom_padding__hover=\u00bb|||\u00bb][dgbm_blog_module posts_number=\u00bb18&#8243; show_categories=\u00bboff\u00bb show_pagination=\u00bboff\u00bb equal_height=\u00bbon\u00bb image_as_background=\u00bbon\u00bb image_size=\u00bblarge\u00bb top_position_alignment=\u00bbcenter\u00bb button_alignment=\u00bbcenter\u00bb use_button_icon=\u00bbon\u00bb button_icon=\u00bb%%36%%\u00bb pagination_background=\u00bbrgba(255,255,255,0)\u00bb content_padding=\u00bb148px|30px|148px|30px|false|true\u00bb content_padding_tablet=\u00bb\u00bb content_padding_phone=\u00bb\u00bb content_padding_last_edited=\u00bbon|phone\u00bb title_margin=\u00bb0px||-70px||false|false\u00bb button_wrapper_margin=\u00bb||15px\u00bb author_location=\u00bbtop\u00bb author_background_color=\u00bbrgba(255,255,255,0)\u00bb date_location=\u00bbtop\u00bb date_background_color=\u00bbrgba(255,255,255,0)\u00bb category_location=\u00bbtop\u00bb category_background_color=\u00bbrgba(255,255,255,0)\u00bb comment_background_color=\u00bbrgba(255,255,255,0)\u00bb space_between_tablet=\u00bb35px\u00bb space_between_phone=\u00bb30px\u00bb space_between_last_edited=\u00bbon|phone\u00bb _builder_version=\u00bb4.21.0&#8243; title_font=\u00bbPoppins|800|||||||\u00bb title_text_align=\u00bbcenter\u00bb title_text_color=\u00bb#ffffff\u00bb title_line_height=\u00bb1.3em\u00bb meta_font=\u00bb||||||||\u00bb meta_text_color=\u00bb#ffffff\u00bb content_font=\u00bbDomine||||||||\u00bb content_text_align=\u00bbcenter\u00bb content_text_color=\u00bbrgba(0,0,0,0)\u00bb read_more_font=\u00bbFira Sans||||||||\u00bb read_more_text_color=\u00bb#ffffff\u00bb pagination_font=\u00bbFira Sans|800||on|||||\u00bb pagination_text_color=\u00bb#353535&#8243; pagination_font_size=\u00bb18px\u00bb pagination_letter_spacing=\u00bb4px\u00bb author_font=\u00bbFira Sans||||||||\u00bb date_font=\u00bbFira Sans||||||||\u00bb category_font=\u00bbFira Sans||||||||\u00bb comment_font=\u00bb||||||||\u00bb background_color=\u00bbrgba(0,0,0,0.39)\u00bb title_font_size_tablet=\u00bb\u00bb title_font_size_phone=\u00bb22px\u00bb title_font_size_last_edited=\u00bbon|desktop\u00bb custom_css_post-meta-bottom=\u00bbmargin-bottom: 0;||margin-top: auto;\u00bb global_colors_info=\u00bb{}\u00bb title_font_size__hover_enabled=\u00bboff|hover\u00bb title_margin__hover_enabled=\u00bbon|hover\u00bb text_margin__hover_enabled=\u00bbon|desktop\u00bb content_text_color__hover_enabled=\u00bbon|hover\u00bb content_text_color__hover=\u00bb#ffffff\u00bb meta_top_margin__hover_enabled=\u00bbon|desktop\u00bb meta_top_margin__hover=\u00bb||71px||false|false\u00bb content_padding__hover_enabled=\u00bbon|hover\u00bb content_padding__hover=\u00bb113px||113px||true|true\u00bb title_margin__hover=\u00bb-71px||0px||false|false\u00bb title_font_size__hover=\u00bb24px\u00bb][\/dgbm_blog_module][\/et_pb_column][\/et_pb_row][\/et_pb_section]<\/p>\n","protected":false},"excerpt":{"rendered":"<p>Blog <div class=\"et_pb_module dgbm_blog_module dgbm_blog_module_0\">\n\t\t\t\t\n\t\t\t\t\n\t\t\t\t\n\t\t\t\t\n\t\t\t\t\n\t\t\t\t\n\t\t\t\t<div class=\"et_pb_module_inner\">\n\t\t\t\t\t<div class=\"dg-blog-module\">\r\n\t\t\t\t\t\t\t<div class=\"dg-blog-inner-wrapper column-3 column-tablet-2 column-mobile-1 image-top\">\r\n\t\t\t\t\t\t\t\t<div class=\"et_pb_ajax_pagination_container\">\r\n\t\t\t\t\t\t\t\t\t<div class=\"dg-blog-grid\" >                <article id=\"post-5030\" class=\"dgbm_post_item v2 post-5030 post type-post status-publish format-standard has-post-thumbnail hentry category-sin-categorizar\" >\r\n                    <div class=\"dg-post-thumb\" > <a class=\"featured-image-link\"  href=\"https:\/\/assertivecomprehensivecare.net\/es\/understanding-anxiety-and-its-various-disorders-a-comprehensive-guide\/\"><img loading=\"lazy\" decoding=\"async\" src=\"https:\/\/assertivecomprehensivecare.net\/wp-content\/uploads\/2023\/07\/440df749-a6ff-4178-b1ea-80497349c81f-400x250.jpeg\" alt=\"Comprendiendo la Ansiedad y sus Diferentes Trastornos: Una Gu\u00eda Completa\" class=\"\" srcset=\"https:\/\/assertivecomprehensivecare.net\/wp-content\/uploads\/2023\/07\/440df749-a6ff-4178-b1ea-80497349c81f.jpeg 479w, https:\/\/assertivecomprehensivecare.net\/wp-content\/uploads\/2023\/07\/440df749-a6ff-4178-b1ea-80497349c81f-400x250.jpeg 480w \" sizes=\"auto, (max-width:479px) 479px, 100vw \"  width=\"400\" height=\"250\" \/><\/a><\/div>                                            <div class=\"content-wrapper\">\r\n\t\t\t\t\t\t                             <h2 class=\"dg_bm_title\"><a href=\"https:\/\/assertivecomprehensivecare.net\/es\/understanding-anxiety-and-its-various-disorders-a-comprehensive-guide\/\">Comprendiendo la Ansiedad y sus Diferentes Trastornos: Una Gu\u00eda Completa<\/a><\/h2>                                                        <div class=\"post-content\"><p>Introducci\u00f3n La ansiedad es una emoci\u00f3n com\u00fan experimentada por individuos en todo el mundo. Sirve como una respuesta...<\/p>\n<\/div>                                                        \r\n                        <\/div>\r\n                                    <\/article>\r\n                                <article id=\"post-4970\" class=\"dgbm_post_item v2 post-4970 post type-post status-publish format-standard has-post-thumbnail hentry category-sin-categorizar\" >\r\n                    <div class=\"dg-post-thumb\" > <a class=\"featured-image-link\"  href=\"https:\/\/assertivecomprehensivecare.net\/es\/the-process-of-a-psychiatric-evaluation-understanding-mental-health-assessments\/\"><img loading=\"lazy\" decoding=\"async\" src=\"https:\/\/assertivecomprehensivecare.net\/wp-content\/uploads\/2023\/07\/91aa4dba-104a-4749-9761-c982d831fb92-400x250.jpeg\" alt=\"El Proceso de una Evaluaci\u00f3n Psiqui\u00e1trica: Comprendiendo las Evaluaciones de Salud Mental\" class=\"\" srcset=\"https:\/\/assertivecomprehensivecare.net\/wp-content\/uploads\/2023\/07\/91aa4dba-104a-4749-9761-c982d831fb92.jpeg 479w, https:\/\/assertivecomprehensivecare.net\/wp-content\/uploads\/2023\/07\/91aa4dba-104a-4749-9761-c982d831fb92-400x250.jpeg 480w \" sizes=\"auto, (max-width:479px) 479px, 100vw \"  width=\"400\" height=\"250\" \/><\/a><\/div>                                            <div class=\"content-wrapper\">\r\n\t\t\t\t\t\t                             <h2 class=\"dg_bm_title\"><a href=\"https:\/\/assertivecomprehensivecare.net\/es\/the-process-of-a-psychiatric-evaluation-understanding-mental-health-assessments\/\">El Proceso de una Evaluaci\u00f3n Psiqui\u00e1trica: Comprendiendo las Evaluaciones de Salud Mental<\/a><\/h2>                                                        <div class=\"post-content\"><p>Cuando se trata de comprender la salud mental y obtener la ayuda necesaria para nosotros mismos o nuestros seres...<\/p>\n<\/div>                                                        \r\n                        <\/div>\r\n                                    <\/article>\r\n                                <article id=\"post-4907\" class=\"dgbm_post_item v2 post-4907 post type-post status-publish format-standard has-post-thumbnail hentry category-sin-categorizar\" >\r\n                    <div class=\"dg-post-thumb\" > <a class=\"featured-image-link\"  href=\"https:\/\/assertivecomprehensivecare.net\/es\/mas-alla-de-la-mascara-revelando-las-realidades-de-vivir-con-depresion\/\"><img loading=\"lazy\" decoding=\"async\" src=\"https:\/\/assertivecomprehensivecare.net\/wp-content\/uploads\/2023\/07\/05e1d4c7-fe2f-4c02-8537-57e93229018c-400x250.jpeg\" alt=\"M\u00e1s all\u00e1 de la M\u00e1scara: Revelando las Realidades de Vivir con Depresi\u00f3n\" class=\"\" srcset=\"https:\/\/assertivecomprehensivecare.net\/wp-content\/uploads\/2023\/07\/05e1d4c7-fe2f-4c02-8537-57e93229018c.jpeg 479w, https:\/\/assertivecomprehensivecare.net\/wp-content\/uploads\/2023\/07\/05e1d4c7-fe2f-4c02-8537-57e93229018c-400x250.jpeg 480w \" sizes=\"auto, (max-width:479px) 479px, 100vw \"  width=\"400\" height=\"250\" \/><\/a><\/div>                                            <div class=\"content-wrapper\">\r\n\t\t\t\t\t\t                             <h2 class=\"dg_bm_title\"><a href=\"https:\/\/assertivecomprehensivecare.net\/es\/mas-alla-de-la-mascara-revelando-las-realidades-de-vivir-con-depresion\/\">M\u00e1s all\u00e1 de la M\u00e1scara: Revelando las Realidades de Vivir con Depresi\u00f3n<\/a><\/h2>                                                        <div class=\"post-content\"><p>La depresi\u00f3n es un importante problema de salud mental que afecta a millones de personas en todo el mundo. Puede ser...<\/p>\n<\/div>                                                        \r\n                        <\/div>\r\n                                    <\/article>\r\n                                <article id=\"post-4912\" class=\"dgbm_post_item v2 post-4912 post type-post status-publish format-standard has-post-thumbnail hentry category-sin-categorizar\" >\r\n                    <div class=\"dg-post-thumb\" > <a class=\"featured-image-link\"  href=\"https:\/\/assertivecomprehensivecare.net\/es\/comprension-y-afrontamiento-del-trastorno-de-estres-postraumatico\/\"><img loading=\"lazy\" decoding=\"async\" src=\"https:\/\/assertivecomprehensivecare.net\/wp-content\/uploads\/2023\/07\/af084aaa-9460-4d8b-9be9-21a2a9bba6b1-400x250.jpeg\" alt=\"Entendiendo y Afrontando el Trastorno de Estr\u00e9s Postraum\u00e1tico (TEPT)\" class=\"\" srcset=\"https:\/\/assertivecomprehensivecare.net\/wp-content\/uploads\/2023\/07\/af084aaa-9460-4d8b-9be9-21a2a9bba6b1.jpeg 479w, https:\/\/assertivecomprehensivecare.net\/wp-content\/uploads\/2023\/07\/af084aaa-9460-4d8b-9be9-21a2a9bba6b1-400x250.jpeg 480w \" sizes=\"auto, (max-width:479px) 479px, 100vw \"  width=\"400\" height=\"250\" \/><\/a><\/div>                                            <div class=\"content-wrapper\">\r\n\t\t\t\t\t\t                             <h2 class=\"dg_bm_title\"><a href=\"https:\/\/assertivecomprehensivecare.net\/es\/comprension-y-afrontamiento-del-trastorno-de-estres-postraumatico\/\">Entendiendo y Afrontando el Trastorno de Estr\u00e9s Postraum\u00e1tico (TEPT)<\/a><\/h2>                                                        <div class=\"post-content\"><p>En el mundo acelerado de hoy, a menudo nos enfrentamos a diversos desaf\u00edos que pueden dejar impresiones duraderas en...<\/p>\n<\/div>                                                        \r\n                        <\/div>\r\n                                    <\/article>\r\n                                <article id=\"post-4915\" class=\"dgbm_post_item v2 post-4915 post type-post status-publish format-standard has-post-thumbnail hentry category-sin-categorizar\" >\r\n                    <div class=\"dg-post-thumb\" > <a class=\"featured-image-link\"  href=\"https:\/\/assertivecomprehensivecare.net\/es\/como-los-neurotransmisores-moldean-nuestros-pensamientos\/\"><img loading=\"lazy\" decoding=\"async\" src=\"https:\/\/assertivecomprehensivecare.net\/wp-content\/uploads\/2023\/07\/6cffc9b3-4e2d-4972-9219-787b988e0bc1-400x250.jpeg\" alt=\"El Poder Interior: C\u00f3mo los Neurotransmisores Moldean Nuestros Pensamientos, Emociones y Acciones\" class=\"\" srcset=\"https:\/\/assertivecomprehensivecare.net\/wp-content\/uploads\/2023\/07\/6cffc9b3-4e2d-4972-9219-787b988e0bc1.jpeg 479w, https:\/\/assertivecomprehensivecare.net\/wp-content\/uploads\/2023\/07\/6cffc9b3-4e2d-4972-9219-787b988e0bc1-400x250.jpeg 480w \" sizes=\"auto, (max-width:479px) 479px, 100vw \"  width=\"400\" height=\"250\" \/><\/a><\/div>                                            <div class=\"content-wrapper\">\r\n\t\t\t\t\t\t                             <h2 class=\"dg_bm_title\"><a href=\"https:\/\/assertivecomprehensivecare.net\/es\/como-los-neurotransmisores-moldean-nuestros-pensamientos\/\">El Poder Interior: C\u00f3mo los Neurotransmisores Moldean Nuestros Pensamientos, Emociones y Acciones<\/a><\/h2>                                                        <div class=\"post-content\"><p>El cerebro humano es un \u00f3rgano complejo e impresionante que controla nuestros pensamientos, emociones y...<\/p>\n<\/div>                                                        \r\n                        <\/div>\r\n                                    <\/article>\r\n                <\/div> \r\n\t\t\t\t\t\t\t\t<\/div>\r\n\t\t\t\t\t\t\t<\/div>\r\n                        <\/div>\n\t\t\t\t<\/div>\n\t\t\t<\/div><\/p>\n","protected":false},"author":2,"featured_media":78,"parent":0,"menu_order":0,"comment_status":"closed","ping_status":"closed","template":"","meta":{"_et_pb_use_builder":"on","_et_pb_old_content":"","_et_gb_content_width":"","footnotes":""},"categories":[],"dipi_cpt_category":[],"class_list":["post-4905","page","type-page","status-publish","has-post-thumbnail","hentry"],"_links":{"self":[{"href":"https:\/\/assertivecomprehensivecare.net\/es\/wp-json\/wp\/v2\/pages\/4905","targetHints":{"allow":["GET"]}}],"collection":[{"href":"https:\/\/assertivecomprehensivecare.net\/es\/wp-json\/wp\/v2\/pages"}],"about":[{"href":"https:\/\/assertivecomprehensivecare.net\/es\/wp-json\/wp\/v2\/types\/page"}],"author":[{"embeddable":true,"href":"https:\/\/assertivecomprehensivecare.net\/es\/wp-json\/wp\/v2\/users\/2"}],"replies":[{"embeddable":true,"href":"https:\/\/assertivecomprehensivecare.net\/es\/wp-json\/wp\/v2\/comments?post=4905"}],"version-history":[{"count":0,"href":"https:\/\/assertivecomprehensivecare.net\/es\/wp-json\/wp\/v2\/pages\/4905\/revisions"}],"wp:featuredmedia":[{"embeddable":true,"href":"https:\/\/assertivecomprehensivecare.net\/es\/wp-json\/wp\/v2\/media\/78"}],"wp:attachment":[{"href":"https:\/\/assertivecomprehensivecare.net\/es\/wp-json\/wp\/v2\/media?parent=4905"}],"wp:term":[{"taxonomy":"category","embeddable":true,"href":"https:\/\/assertivecomprehensivecare.net\/es\/wp-json\/wp\/v2\/categories?post=4905"},{"taxonomy":"dipi_cpt_category","embeddable":true,"href":"https:\/\/assertivecomprehensivecare.net\/es\/wp-json\/wp\/v2\/dipi_cpt_category?post=4905"}],"curies":[{"name":"wp","href":"https:\/\/api.w.org\/{rel}","templated":true}]}}